{"id":118,"date":"2023-01-07T09:08:49","date_gmt":"2023-01-07T09:08:49","guid":{"rendered":"https:\/\/www.astarsizetiket.com\/index.php\/portfolio\/"},"modified":"2025-08-05T00:16:15","modified_gmt":"2025-08-05T00:16:15","slug":"bilgiler","status":"publish","type":"page","link":"https:\/\/www.astarsizetiket.com\/index.php\/bilgiler\/","title":{"rendered":"Bilgiler"},"content":{"rendered":"\t\t<div data-elementor-type=\"wp-page\" data-elementor-id=\"118\" class=\"elementor elementor-118\" data-elementor-post-type=\"page\">\n\t\t\t\t<div class=\"aux-parallax-section elementor-element elementor-element-fa56c9c e-flex e-con-boxed e-con e-parent\" data-id=\"fa56c9c\" data-element_type=\"container\" data-e-type=\"container\" data-settings=\"{&quot;background_background&quot;:&quot;classic&quot;}\">\n\t\t\t\t\t<div class=\"e-con-inner\">\n\t\t<div class=\"elementor-element elementor-element-c5e349c e-con-full e-flex e-con e-child\" data-id=\"c5e349c\" data-element_type=\"container\" data-e-type=\"container\">\n\t\t<div class=\"elementor-element elementor-element-55b260d e-con-full e-flex e-con e-child\" data-id=\"55b260d\" data-element_type=\"container\" data-e-type=\"container\">\n\t\t<div class=\"elementor-element elementor-element-a611326 e-con-full e-flex e-con e-child\" data-id=\"a611326\" data-element_type=\"container\" data-e-type=\"container\">\n\t\t\t\t<div class=\"elementor-element elementor-element-5ad2b15 aux-appear-watch-animation aux-fade-in-left-1 elementor-widget elementor-widget-heading\" data-id=\"5ad2b15\" data-element_type=\"widget\" data-e-type=\"widget\" data-widget_type=\"heading.default\">\n\t\t\t\t<div class=\"elementor-widget-container\">\n\t\t\t\t\t<h1 class=\"elementor-heading-title elementor-size-default\">Bilgiler<\/h1>\t\t\t\t<\/div>\n\t\t\t\t<\/div>\n\t\t\t\t<\/div>\n\t\t<div class=\"elementor-element elementor-element-c34f307 e-con-full e-flex e-con e-child\" data-id=\"c34f307\" data-element_type=\"container\" data-e-type=\"container\">\n\t\t\t\t<\/div>\n\t\t\t\t<\/div>\n\t\t<div class=\"elementor-element elementor-element-0549a8b e-con-full e-flex e-con e-child\" data-id=\"0549a8b\" data-element_type=\"container\" data-e-type=\"container\">\n\t\t<div class=\"elementor-element elementor-element-c138aeb e-con-full e-flex e-con e-child\" data-id=\"c138aeb\" data-element_type=\"container\" data-e-type=\"container\">\n\t\t\t\t<div class=\"elementor-element elementor-element-5e3a0f3 elementor-widget-tablet__width-inherit elementor-widget elementor-widget-aux_recent_portfolios_grid\" data-id=\"5e3a0f3\" data-element_type=\"widget\" data-e-type=\"widget\" data-settings=\"{&quot;columns&quot;:&quot;3&quot;,&quot;columns_tablet&quot;:&quot;2&quot;,&quot;columns_mobile&quot;:&quot;1&quot;}\" data-widget_type=\"aux_recent_portfolios_grid.default\">\n\t\t\t\t<div class=\"elementor-widget-container\">\n\t\t\t\t\t<script>auxinNS(\"auxin.content.loadmore.aueb8f2921\"); auxin.content.loadmore.aueb8f2921={\"nonce\":\"3d74f72292\",\"args\":{\"title\":\"\",\"cat\":[],\"num\":\"12\",\"only_posts__in\":\"\",\"include\":\"\",\"exclude\":\"\",\"posts_per_page\":-1,\"offset\":\"\",\"order_by\":\"date\",\"order\":\"DESC\",\"exclude_without_media\":\"\",\"display_like\":\"no\",\"deeplink\":\"no\",\"use_ajax\":\"no\",\"deeplink_slug\":null,\"show_filters\":\"\",\"filter_by\":null,\"filter_style\":null,\"filter_align\":null,\"reveal_transition_duration\":\"600\",\"reveal_between_delay\":\"60\",\"hide_transition_duration\":\"600\",\"hide_between_delay\":\"30\",\"item_style\":\"classic\",\"tile_style_pattern\":\"default\",\"tiles_item_style\":\"overlay\",\"entry_background_color\":\"\",\"entry_border_color\":\"\",\"paginate\":\"\",\"perpage\":null,\"crop\":true,\"display_title\":\"\",\"show_info\":\"\",\"display_read_more\":false,\"image_aspect_ratio\":\"0.75\",\"space\":\"30\",\"desktop_cnum\":\"3\",\"tablet_cnum\":\"2\",\"phone_cnum\":\"1\",\"layout\":\"grid\",\"tag\":\"\",\"filter\":\"\",\"extra_classes\":\"\",\"extra_column_classes\":\"\",\"custom_el_id\":\"\",\"template_part_file\":\"recent-portfolio\",\"extra_template_path\":\"\\\/home\\\/u2282128\\\/astarsizetiket.com\\\/wp-content\\\/plugins\\\/auxin-portfolio\\\/public\\\/templates\\\/elements\",\"universal_id\":\"aueb8f2921\",\"query_args\":[],\"term\":\"\",\"reset_query\":true,\"wp_query_args\":[],\"custom_wp_query\":\"\",\"loadmore_type\":\"next\",\"loadmore_label\":\"text\",\"loadmore_per_page\":\"12\",\"term_field\":\"slug\",\"paged\":\"\",\"override_global_query\":false,\"content\":null,\"skip_wrappers\":true,\"content_width\":2000,\"inview_transition\":\"none\",\"inview_duration\":\"\",\"inview_delay\":\"\",\"inview_repeat\":\"no\",\"inview_offset\":\"\",\"called_from\":\"elementor\"},\"handler\":\"aux_recent_portfolios_grid\",\"per_page\":\"12\"};<\/script><section class=\"widget-container aux-ajax-type-next aux-widget-recent-portfolios aux-parent-aueb8f2921\"><div id=\"69e3770225a46\" data-element-id=\"aueb8f2921\" class=\"aux-portfolio-columns aux-ajax-view aux-isotope-animated aux-isotope-layout aux-layout-grid aux-no-gutter aux-row aux-match-height aux-de-col3 aux-tb-col2 aux-mb-col1\" data-lazyload=\"true\" data-space=\"30\" data-pagination=\"false\" data-deeplink=\"true\" data-slug=\"\" data-perpage=\"\" data-layout=\"fitRows\" data-reveal-transition-duration=\"600\" data-reveal-between-delay=\"60\" data-hide-transition-duration=\"600\" data-hide-between-delay=\"30\" data-num=\"12\" data-order=\"DESC\" data-orderby=\"date\" data-taxonomy=\"\" data-n=\"4d15a06a60\"><div class=\"aux-items-loading aux-loading-hide\"><div class=\"aux-loading-loop\"><svg class=\"aux-circle\" width=\"100%\" height=\"100%\" viewBox=\"0 0 42 42\"><circle class=\"aux-stroke-bg\" r=\"20\" cx=\"21\" cy=\"21\" fill=\"none\"><\/circle><circle class=\"aux-progress\" r=\"20\" cx=\"21\" cy=\"21\" fill=\"none\" transform=\"rotate(-90 21 21)\"><\/circle><\/svg><\/div><\/div><div class=\"aux-iso-item aux-loading aux-col aux-ajax-item\">                        <article class=\"post-94 portfolio type-portfolio status-publish has-post-thumbnail hentry portfolio-cat-uncategorized portfolio-tag-uncategorized portfolio-filter-uncategorized\" >\n                            <div class=\"\">\n                                <div class=\"entry-media \">\n                                    <div class=\"aux-media-frame aux-media-image\"><a href=\"https:\/\/www.astarsizetiket.com\/index.php\/portfolio\/astarsiz-etiket-nedir\/\"><img fetchpriority=\"high\" width=\"606\" height=\"455\" class=\"aux-attachment aux-featured-image attachment-606.66666666667x455 aux-attachment-id-225 \" alt=\"astarsiz-etiket-nedir\" data-ratio=\"1.33\" data-original-w=\"1024\" sizes=\"auto\" data-srcset=\"https:\/\/www.astarsizetiket.com\/wp-content\/uploads\/2023\/01\/astarsiz-etiket-nedir-150x113.png 150w,https:\/\/www.astarsizetiket.com\/wp-content\/uploads\/2023\/01\/astarsiz-etiket-nedir-300x225.png 300w,https:\/\/www.astarsizetiket.com\/wp-content\/uploads\/2023\/01\/astarsiz-etiket-nedir-768x576.png 768w,https:\/\/www.astarsizetiket.com\/wp-content\/uploads\/2023\/01\/astarsiz-etiket-nedir-607x455.png 607w,https:\/\/www.astarsizetiket.com\/wp-content\/uploads\/2023\/01\/astarsiz-etiket-nedir-1014x760.png 1014w\" data-src=\"https:\/\/www.astarsizetiket.com\/wp-content\/uploads\/2023\/01\/astarsiz-etiket-nedir-607x455.png\" \/><\/a><\/div>                                <\/div>\n\n                                                            <\/div>\n\n                            \n                        <\/article>\n<\/div><div class=\"aux-iso-item aux-loading aux-col aux-ajax-item\">                        <article class=\"post-95 portfolio type-portfolio status-publish has-post-thumbnail hentry portfolio-cat-uncategorized portfolio-tag-uncategorized portfolio-filter-uncategorized\" >\n                            <div class=\"\">\n                                <div class=\"entry-media \">\n                                    <div class=\"aux-media-frame aux-media-image\"><a href=\"https:\/\/www.astarsizetiket.com\/index.php\/portfolio\/astarsiz-etiket-kullanim-alanlari\/\"><img width=\"606\" height=\"455\" class=\"aux-attachment aux-featured-image attachment-606.66666666667x455 aux-attachment-id-230 \" alt=\"astarsiz-etiket-kullanim-alanlari\" data-ratio=\"1.33\" data-original-w=\"1024\" sizes=\"auto\" data-srcset=\"https:\/\/www.astarsizetiket.com\/wp-content\/uploads\/2023\/01\/astarsiz-etiket-kullanim-alanlari-150x113.png 150w,https:\/\/www.astarsizetiket.com\/wp-content\/uploads\/2023\/01\/astarsiz-etiket-kullanim-alanlari-300x225.png 300w,https:\/\/www.astarsizetiket.com\/wp-content\/uploads\/2023\/01\/astarsiz-etiket-kullanim-alanlari-768x576.png 768w,https:\/\/www.astarsizetiket.com\/wp-content\/uploads\/2023\/01\/astarsiz-etiket-kullanim-alanlari-607x455.png 607w,https:\/\/www.astarsizetiket.com\/wp-content\/uploads\/2023\/01\/astarsiz-etiket-kullanim-alanlari-1014x760.png 1014w\" data-src=\"https:\/\/www.astarsizetiket.com\/wp-content\/uploads\/2023\/01\/astarsiz-etiket-kullanim-alanlari-607x455.png\" \/><\/a><\/div>                                <\/div>\n\n                                                            <\/div>\n\n                            \n                        <\/article>\n<\/div><div class=\"aux-iso-item aux-loading aux-col aux-ajax-item\">                        <article class=\"post-96 portfolio type-portfolio status-publish has-post-thumbnail hentry portfolio-cat-uncategorized portfolio-tag-uncategorized portfolio-filter-uncategorized\" >\n                            <div class=\"\">\n                                <div class=\"entry-media \">\n                                    <div class=\"aux-media-frame aux-media-image\"><a href=\"https:\/\/www.astarsizetiket.com\/index.php\/portfolio\/astarsiz-etiket-gelen-cevreci-cozum\/\"><img width=\"606\" height=\"455\" class=\"aux-attachment aux-featured-image attachment-606.66666666667x455 aux-attachment-id-235 \" alt=\"astarsiz-etiket-ile-gelen-cevreci-cozum\" data-ratio=\"1.33\" data-original-w=\"1024\" sizes=\"auto\" data-srcset=\"https:\/\/www.astarsizetiket.com\/wp-content\/uploads\/2023\/01\/astarsiz-etiket-ile-gelen-cevreci-cozum-150x113.png 150w,https:\/\/www.astarsizetiket.com\/wp-content\/uploads\/2023\/01\/astarsiz-etiket-ile-gelen-cevreci-cozum-300x225.png 300w,https:\/\/www.astarsizetiket.com\/wp-content\/uploads\/2023\/01\/astarsiz-etiket-ile-gelen-cevreci-cozum-768x576.png 768w,https:\/\/www.astarsizetiket.com\/wp-content\/uploads\/2023\/01\/astarsiz-etiket-ile-gelen-cevreci-cozum-607x455.png 607w,https:\/\/www.astarsizetiket.com\/wp-content\/uploads\/2023\/01\/astarsiz-etiket-ile-gelen-cevreci-cozum-1014x760.png 1014w\" data-src=\"https:\/\/www.astarsizetiket.com\/wp-content\/uploads\/2023\/01\/astarsiz-etiket-ile-gelen-cevreci-cozum-607x455.png\" \/><\/a><\/div>                                <\/div>\n\n                                                            <\/div>\n\n                            \n                        <\/article>\n<\/div><div class=\"aux-iso-item aux-loading aux-col aux-ajax-item\">                        <article class=\"post-97 portfolio type-portfolio status-publish has-post-thumbnail hentry portfolio-cat-uncategorized portfolio-tag-uncategorized portfolio-filter-uncategorized\" >\n                            <div class=\"\">\n                                <div class=\"entry-media \">\n                                    <div class=\"aux-media-frame aux-media-image\"><a href=\"https:\/\/www.astarsizetiket.com\/index.php\/portfolio\/astarsiz-etiket-ve-maaliyet-tasarrufu\/\"><img loading=\"lazy\" width=\"606\" height=\"455\" class=\"aux-attachment aux-featured-image attachment-606.66666666667x455 aux-attachment-id-240 \" alt=\"astarsiz-etiket-ve-maaliyet-tasarrufu\" data-ratio=\"1.33\" data-original-w=\"1024\" sizes=\"auto\" data-srcset=\"https:\/\/www.astarsizetiket.com\/wp-content\/uploads\/2023\/01\/astarsiz-etiket-ve-maaliyet-tasarrufu-150x113.png 150w,https:\/\/www.astarsizetiket.com\/wp-content\/uploads\/2023\/01\/astarsiz-etiket-ve-maaliyet-tasarrufu-300x225.png 300w,https:\/\/www.astarsizetiket.com\/wp-content\/uploads\/2023\/01\/astarsiz-etiket-ve-maaliyet-tasarrufu-768x576.png 768w,https:\/\/www.astarsizetiket.com\/wp-content\/uploads\/2023\/01\/astarsiz-etiket-ve-maaliyet-tasarrufu-607x455.png 607w,https:\/\/www.astarsizetiket.com\/wp-content\/uploads\/2023\/01\/astarsiz-etiket-ve-maaliyet-tasarrufu-1014x760.png 1014w\" data-src=\"https:\/\/www.astarsizetiket.com\/wp-content\/uploads\/2023\/01\/astarsiz-etiket-ve-maaliyet-tasarrufu-607x455.png\" \/><\/a><\/div>                                <\/div>\n\n                                                            <\/div>\n\n                            \n                        <\/article>\n<\/div><div class=\"aux-iso-item aux-loading aux-col aux-ajax-item\">                        <article class=\"post-98 portfolio type-portfolio status-publish has-post-thumbnail hentry portfolio-cat-uncategorized portfolio-tag-uncategorized portfolio-filter-uncategorized\" >\n                            <div class=\"\">\n                                <div class=\"entry-media \">\n                                    <div class=\"aux-media-frame aux-media-image\"><a href=\"https:\/\/www.astarsizetiket.com\/index.php\/portfolio\/astarsiz-etiket-ile-gelen-operasyonel-kolaylik\/\"><img loading=\"lazy\" width=\"606\" height=\"455\" class=\"aux-attachment aux-featured-image attachment-606.66666666667x455 aux-attachment-id-245 \" alt=\"astarsiz-etiket-ile-gelen-operasyonel-kolaylik\" data-ratio=\"1.33\" data-original-w=\"1024\" sizes=\"auto\" data-srcset=\"https:\/\/www.astarsizetiket.com\/wp-content\/uploads\/2023\/01\/astarsiz-etiket-ile-gelen-operasyonel-kolaylik-150x113.png 150w,https:\/\/www.astarsizetiket.com\/wp-content\/uploads\/2023\/01\/astarsiz-etiket-ile-gelen-operasyonel-kolaylik-300x225.png 300w,https:\/\/www.astarsizetiket.com\/wp-content\/uploads\/2023\/01\/astarsiz-etiket-ile-gelen-operasyonel-kolaylik-768x576.png 768w,https:\/\/www.astarsizetiket.com\/wp-content\/uploads\/2023\/01\/astarsiz-etiket-ile-gelen-operasyonel-kolaylik-607x455.png 607w,https:\/\/www.astarsizetiket.com\/wp-content\/uploads\/2023\/01\/astarsiz-etiket-ile-gelen-operasyonel-kolaylik-1014x760.png 1014w\" data-src=\"https:\/\/www.astarsizetiket.com\/wp-content\/uploads\/2023\/01\/astarsiz-etiket-ile-gelen-operasyonel-kolaylik-607x455.png\" \/><\/a><\/div>                                <\/div>\n\n                                                            <\/div>\n\n                            \n                        <\/article>\n<\/div><\/div><script type=\"text\/javascript\">var aueb8f2921AjaxConfig = {\"title\":\"\",\"cat\":[],\"num\":\"12\",\"only_posts__in\":\"\",\"include\":\"\",\"exclude\":\"\",\"posts_per_page\":-1,\"offset\":\"\",\"order_by\":\"date\",\"order\":\"DESC\",\"exclude_without_media\":\"\",\"display_like\":\"no\",\"deeplink\":\"no\",\"use_ajax\":\"no\",\"deeplink_slug\":null,\"show_filters\":\"\",\"filter_by\":null,\"filter_style\":null,\"filter_align\":null,\"reveal_transition_duration\":\"600\",\"reveal_between_delay\":\"60\",\"hide_transition_duration\":\"600\",\"hide_between_delay\":\"30\",\"item_style\":\"classic\",\"tile_style_pattern\":\"default\",\"tiles_item_style\":\"overlay\",\"entry_background_color\":\"\",\"entry_border_color\":\"\",\"paginate\":\"\",\"perpage\":null,\"crop\":true,\"display_title\":\"\",\"show_info\":\"\",\"display_read_more\":false,\"image_aspect_ratio\":\"0.75\",\"space\":\"30\",\"desktop_cnum\":\"3\",\"tablet_cnum\":\"2\",\"phone_cnum\":\"1\",\"layout\":\"grid\",\"tag\":\"\",\"filter\":\"\",\"extra_classes\":\"\",\"extra_column_classes\":\"\",\"custom_el_id\":\"\",\"template_part_file\":\"recent-portfolio\",\"extra_template_path\":\"\\\/home\\\/u2282128\\\/astarsizetiket.com\\\/wp-content\\\/plugins\\\/auxin-portfolio\\\/public\\\/templates\\\/elements\",\"universal_id\":\"aueb8f2921\",\"query_args\":[],\"term\":\"\",\"reset_query\":true,\"use_wp_query\":false,\"wp_query_args\":[],\"custom_wp_query\":\"\",\"loadmore_type\":\"next\",\"loadmore_label\":\"text\",\"loadmore_per_page\":\"12\",\"term_field\":\"slug\",\"base\":\"aux_recent_portfolios_grid\",\"base_class\":\"aux-widget-recent-portfolios\",\"paged\":\"\",\"override_global_query\":false,\"content\":null,\"skip_wrappers\":false,\"content_width\":2000,\"inview_transition\":\"none\",\"inview_duration\":\"\",\"inview_delay\":\"\",\"inview_repeat\":\"no\",\"inview_offset\":\"\",\"called_from\":\"elementor\"};<\/script><\/section><!-- widget-container -->\t\t\t\t<\/div>\n\t\t\t\t<\/div>\n\t\t\t\t<\/div>\n\t\t\t\t<\/div>\n\t\t\t\t<\/div>\n\t\t\t\t\t<\/div>\n\t\t\t\t<\/div>\n\t\t\t\t<\/div>\n\t\t","protected":false},"excerpt":{"rendered":"<p>Bilgiler<\/p>\n","protected":false},"author":1,"featured_media":162,"parent":0,"menu_order":0,"comment_status":"closed","ping_status":"open","template":"","meta":{"footnotes":""},"class_list":["post-118","page","type-page","status-publish","has-post-thumbnail","hentry"],"yoast_head":"<!-- This site is optimized with the Yoast SEO Premium plugin v25.6 (Yoast SEO v27.4) - https:\/\/yoast.com\/product\/yoast-seo-premium-wordpress\/ -->\n<title>Bilgiler - Astars\u0131z Etiket<\/title>\n<meta name=\"description\" content=\"Astars\u0131z Etiket \u00c7e\u015fitleri ve Modelleri En Uygun Fiyat Garantisiyle Toptan Perakende Sat\u0131\u015f \u0130mkan\u0131yla Hemen Ara F\u0131rsatlar\u0131 Ka\u00e7\u0131rma.\" \/>\n<meta name=\"robots\" content=\"index, follow, max-snippet:-1, max-image-preview:large, max-video-preview:-1\" \/>\n<link rel=\"canonical\" href=\"https:\/\/www.astarsizetiket.com\/index.php\/bilgiler\/\" \/>\n<meta property=\"og:locale\" content=\"tr_TR\" \/>\n<meta property=\"og:type\" content=\"article\" \/>\n<meta property=\"og:title\" content=\"Bilgiler\" \/>\n<meta property=\"og:description\" content=\"Astars\u0131z Etiket \u00c7e\u015fitleri ve Modelleri En Uygun Fiyat Garantisiyle Toptan Perakende Sat\u0131\u015f \u0130mkan\u0131yla Hemen Ara F\u0131rsatlar\u0131 Ka\u00e7\u0131rma.\" \/>\n<meta property=\"og:url\" content=\"https:\/\/www.astarsizetiket.com\/index.php\/bilgiler\/\" \/>\n<meta property=\"og:site_name\" content=\"Astars\u0131z Etiket\" \/>\n<meta property=\"article:modified_time\" content=\"2025-08-05T00:16:15+00:00\" \/>\n<meta property=\"og:image\" content=\"https:\/\/www.astarsizetiket.com\/wp-content\/uploads\/2025\/07\/astarsiz-etiket-cesitleri.png\" \/>\n\t<meta property=\"og:image:width\" content=\"1024\" \/>\n\t<meta property=\"og:image:height\" content=\"1024\" \/>\n\t<meta property=\"og:image:type\" content=\"image\/jpeg\" \/>\n<meta name=\"twitter:card\" content=\"summary_large_image\" \/>\n<meta name=\"twitter:label1\" content=\"Tahmini okuma s\u00fcresi\" \/>\n\t<meta name=\"twitter:data1\" content=\"2 dakika\" \/>\n<script type=\"application\/ld+json\" class=\"yoast-schema-graph\">{\"@context\":\"https:\\\/\\\/schema.org\",\"@graph\":[{\"@type\":\"WebPage\",\"@id\":\"https:\\\/\\\/www.astarsizetiket.com\\\/index.php\\\/bilgiler\\\/\",\"url\":\"https:\\\/\\\/www.astarsizetiket.com\\\/index.php\\\/bilgiler\\\/\",\"name\":\"Bilgiler - Astars\u0131z Etiket\",\"isPartOf\":{\"@id\":\"https:\\\/\\\/www.astarsizetiket.com\\\/#website\"},\"primaryImageOfPage\":{\"@id\":\"https:\\\/\\\/www.astarsizetiket.com\\\/index.php\\\/bilgiler\\\/#primaryimage\"},\"image\":{\"@id\":\"https:\\\/\\\/www.astarsizetiket.com\\\/index.php\\\/bilgiler\\\/#primaryimage\"},\"thumbnailUrl\":\"https:\\\/\\\/www.astarsizetiket.com\\\/wp-content\\\/uploads\\\/2025\\\/07\\\/astarsiz-etiket-cesitleri.png\",\"datePublished\":\"2023-01-07T09:08:49+00:00\",\"dateModified\":\"2025-08-05T00:16:15+00:00\",\"description\":\"Astars\u0131z Etiket \u00c7e\u015fitleri ve Modelleri En Uygun Fiyat Garantisiyle Toptan Perakende Sat\u0131\u015f \u0130mkan\u0131yla Hemen Ara F\u0131rsatlar\u0131 Ka\u00e7\u0131rma.\",\"breadcrumb\":{\"@id\":\"https:\\\/\\\/www.astarsizetiket.com\\\/index.php\\\/bilgiler\\\/#breadcrumb\"},\"inLanguage\":\"tr\",\"potentialAction\":[{\"@type\":\"ReadAction\",\"target\":[\"https:\\\/\\\/www.astarsizetiket.com\\\/index.php\\\/bilgiler\\\/\"]}]},{\"@type\":\"ImageObject\",\"inLanguage\":\"tr\",\"@id\":\"https:\\\/\\\/www.astarsizetiket.com\\\/index.php\\\/bilgiler\\\/#primaryimage\",\"url\":\"https:\\\/\\\/www.astarsizetiket.com\\\/wp-content\\\/uploads\\\/2025\\\/07\\\/astarsiz-etiket-cesitleri.png\",\"contentUrl\":\"https:\\\/\\\/www.astarsizetiket.com\\\/wp-content\\\/uploads\\\/2025\\\/07\\\/astarsiz-etiket-cesitleri.png\",\"width\":1024,\"height\":1024,\"caption\":\"Bask\u0131ya haz\u0131r rulo etiketler\"},{\"@type\":\"BreadcrumbList\",\"@id\":\"https:\\\/\\\/www.astarsizetiket.com\\\/index.php\\\/bilgiler\\\/#breadcrumb\",\"itemListElement\":[{\"@type\":\"ListItem\",\"position\":1,\"name\":\"Anasayfa\",\"item\":\"https:\\\/\\\/www.astarsizetiket.com\\\/\"},{\"@type\":\"ListItem\",\"position\":2,\"name\":\"Bilgiler\"}]},{\"@type\":\"WebSite\",\"@id\":\"https:\\\/\\\/www.astarsizetiket.com\\\/#website\",\"url\":\"https:\\\/\\\/www.astarsizetiket.com\\\/\",\"name\":\"Astars\u0131z Etiket\",\"description\":\"Toptan Astars\u0131z Etiket\",\"publisher\":{\"@id\":\"https:\\\/\\\/www.astarsizetiket.com\\\/#organization\"},\"alternateName\":\"Toptan Astars\u0131z Etiket\",\"potentialAction\":[{\"@type\":\"SearchAction\",\"target\":{\"@type\":\"EntryPoint\",\"urlTemplate\":\"https:\\\/\\\/www.astarsizetiket.com\\\/?s={search_term_string}\"},\"query-input\":{\"@type\":\"PropertyValueSpecification\",\"valueRequired\":true,\"valueName\":\"search_term_string\"}}],\"inLanguage\":\"tr\"},{\"@type\":\"Organization\",\"@id\":\"https:\\\/\\\/www.astarsizetiket.com\\\/#organization\",\"name\":\"Astars\u0131z Etiket\",\"alternateName\":\"Derya Eagle\",\"url\":\"https:\\\/\\\/www.astarsizetiket.com\\\/\",\"logo\":{\"@type\":\"ImageObject\",\"inLanguage\":\"tr\",\"@id\":\"https:\\\/\\\/www.astarsizetiket.com\\\/#\\\/schema\\\/logo\\\/image\\\/\",\"url\":\"https:\\\/\\\/www.astarsizetiket.com\\\/wp-content\\\/uploads\\\/2025\\\/07\\\/132435.png\",\"contentUrl\":\"https:\\\/\\\/www.astarsizetiket.com\\\/wp-content\\\/uploads\\\/2025\\\/07\\\/132435.png\",\"width\":1654,\"height\":630,\"caption\":\"Astars\u0131z Etiket\"},\"image\":{\"@id\":\"https:\\\/\\\/www.astarsizetiket.com\\\/#\\\/schema\\\/logo\\\/image\\\/\"}}]}<\/script>\n<!-- \/ Yoast SEO Premium plugin. -->","yoast_head_json":{"title":"Bilgiler - Astars\u0131z Etiket","description":"Astars\u0131z Etiket \u00c7e\u015fitleri ve Modelleri En Uygun Fiyat Garantisiyle Toptan Perakende Sat\u0131\u015f \u0130mkan\u0131yla Hemen Ara F\u0131rsatlar\u0131 Ka\u00e7\u0131rma.","robots":{"index":"index","follow":"follow","max-snippet":"max-snippet:-1","max-image-preview":"max-image-preview:large","max-video-preview":"max-video-preview:-1"},"canonical":"https:\/\/www.astarsizetiket.com\/index.php\/bilgiler\/","og_locale":"tr_TR","og_type":"article","og_title":"Bilgiler","og_description":"Astars\u0131z Etiket \u00c7e\u015fitleri ve Modelleri En Uygun Fiyat Garantisiyle Toptan Perakende Sat\u0131\u015f \u0130mkan\u0131yla Hemen Ara F\u0131rsatlar\u0131 Ka\u00e7\u0131rma.","og_url":"https:\/\/www.astarsizetiket.com\/index.php\/bilgiler\/","og_site_name":"Astars\u0131z Etiket","article_modified_time":"2025-08-05T00:16:15+00:00","og_image":[{"width":1024,"height":1024,"url":"https:\/\/www.astarsizetiket.com\/wp-content\/uploads\/2025\/07\/astarsiz-etiket-cesitleri.png","type":"image\/jpeg"}],"twitter_card":"summary_large_image","twitter_misc":{"Tahmini okuma s\u00fcresi":"2 dakika"},"schema":{"@context":"https:\/\/schema.org","@graph":[{"@type":"WebPage","@id":"https:\/\/www.astarsizetiket.com\/index.php\/bilgiler\/","url":"https:\/\/www.astarsizetiket.com\/index.php\/bilgiler\/","name":"Bilgiler - Astars\u0131z Etiket","isPartOf":{"@id":"https:\/\/www.astarsizetiket.com\/#website"},"primaryImageOfPage":{"@id":"https:\/\/www.astarsizetiket.com\/index.php\/bilgiler\/#primaryimage"},"image":{"@id":"https:\/\/www.astarsizetiket.com\/index.php\/bilgiler\/#primaryimage"},"thumbnailUrl":"https:\/\/www.astarsizetiket.com\/wp-content\/uploads\/2025\/07\/astarsiz-etiket-cesitleri.png","datePublished":"2023-01-07T09:08:49+00:00","dateModified":"2025-08-05T00:16:15+00:00","description":"Astars\u0131z Etiket \u00c7e\u015fitleri ve Modelleri En Uygun Fiyat Garantisiyle Toptan Perakende Sat\u0131\u015f \u0130mkan\u0131yla Hemen Ara F\u0131rsatlar\u0131 Ka\u00e7\u0131rma.","breadcrumb":{"@id":"https:\/\/www.astarsizetiket.com\/index.php\/bilgiler\/#breadcrumb"},"inLanguage":"tr","potentialAction":[{"@type":"ReadAction","target":["https:\/\/www.astarsizetiket.com\/index.php\/bilgiler\/"]}]},{"@type":"ImageObject","inLanguage":"tr","@id":"https:\/\/www.astarsizetiket.com\/index.php\/bilgiler\/#primaryimage","url":"https:\/\/www.astarsizetiket.com\/wp-content\/uploads\/2025\/07\/astarsiz-etiket-cesitleri.png","contentUrl":"https:\/\/www.astarsizetiket.com\/wp-content\/uploads\/2025\/07\/astarsiz-etiket-cesitleri.png","width":1024,"height":1024,"caption":"Bask\u0131ya haz\u0131r rulo etiketler"},{"@type":"BreadcrumbList","@id":"https:\/\/www.astarsizetiket.com\/index.php\/bilgiler\/#breadcrumb","itemListElement":[{"@type":"ListItem","position":1,"name":"Anasayfa","item":"https:\/\/www.astarsizetiket.com\/"},{"@type":"ListItem","position":2,"name":"Bilgiler"}]},{"@type":"WebSite","@id":"https:\/\/www.astarsizetiket.com\/#website","url":"https:\/\/www.astarsizetiket.com\/","name":"Astars\u0131z Etiket","description":"Toptan Astars\u0131z Etiket","publisher":{"@id":"https:\/\/www.astarsizetiket.com\/#organization"},"alternateName":"Toptan Astars\u0131z Etiket","potentialAction":[{"@type":"SearchAction","target":{"@type":"EntryPoint","urlTemplate":"https:\/\/www.astarsizetiket.com\/?s={search_term_string}"},"query-input":{"@type":"PropertyValueSpecification","valueRequired":true,"valueName":"search_term_string"}}],"inLanguage":"tr"},{"@type":"Organization","@id":"https:\/\/www.astarsizetiket.com\/#organization","name":"Astars\u0131z Etiket","alternateName":"Derya Eagle","url":"https:\/\/www.astarsizetiket.com\/","logo":{"@type":"ImageObject","inLanguage":"tr","@id":"https:\/\/www.astarsizetiket.com\/#\/schema\/logo\/image\/","url":"https:\/\/www.astarsizetiket.com\/wp-content\/uploads\/2025\/07\/132435.png","contentUrl":"https:\/\/www.astarsizetiket.com\/wp-content\/uploads\/2025\/07\/132435.png","width":1654,"height":630,"caption":"Astars\u0131z Etiket"},"image":{"@id":"https:\/\/www.astarsizetiket.com\/#\/schema\/logo\/image\/"}}]}},"_links":{"self":[{"href":"https:\/\/www.astarsizetiket.com\/index.php\/wp-json\/wp\/v2\/pages\/118","targetHints":{"allow":["GET"]}}],"collection":[{"href":"https:\/\/www.astarsizetiket.com\/index.php\/wp-json\/wp\/v2\/pages"}],"about":[{"href":"https:\/\/www.astarsizetiket.com\/index.php\/wp-json\/wp\/v2\/types\/page"}],"author":[{"embeddable":true,"href":"https:\/\/www.astarsizetiket.com\/index.php\/wp-json\/wp\/v2\/users\/1"}],"replies":[{"embeddable":true,"href":"https:\/\/www.astarsizetiket.com\/index.php\/wp-json\/wp\/v2\/comments?post=118"}],"version-history":[{"count":5,"href":"https:\/\/www.astarsizetiket.com\/index.php\/wp-json\/wp\/v2\/pages\/118\/revisions"}],"predecessor-version":[{"id":314,"href":"https:\/\/www.astarsizetiket.com\/index.php\/wp-json\/wp\/v2\/pages\/118\/revisions\/314"}],"wp:featuredmedia":[{"embeddable":true,"href":"https:\/\/www.astarsizetiket.com\/index.php\/wp-json\/wp\/v2\/media\/162"}],"wp:attachment":[{"href":"https:\/\/www.astarsizetiket.com\/index.php\/wp-json\/wp\/v2\/media?parent=118"}],"curies":[{"name":"wp","href":"https:\/\/api.w.org\/{rel}","templated":true}]}}