{"id":116,"date":"2023-01-07T09:09:53","date_gmt":"2023-01-07T09:09:53","guid":{"rendered":"https:\/\/www.astarsizetiket.com\/index.php\/contact-us\/"},"modified":"2025-08-05T00:22:44","modified_gmt":"2025-08-05T00:22:44","slug":"iletisim","status":"publish","type":"page","link":"https:\/\/www.astarsizetiket.com\/index.php\/iletisim\/","title":{"rendered":"\u0130leti\u015fim"},"content":{"rendered":"\t\t<div data-elementor-type=\"wp-page\" data-elementor-id=\"116\" class=\"elementor elementor-116\" data-elementor-post-type=\"page\">\n\t\t\t\t<div class=\"aux-parallax-section elementor-element elementor-element-abd01c7 e-flex e-con-boxed e-con e-parent\" data-id=\"abd01c7\" data-element_type=\"container\" data-e-type=\"container\" data-settings=\"{&quot;background_background&quot;:&quot;classic&quot;}\">\n\t\t\t\t\t<div class=\"e-con-inner\">\n\t\t<div class=\"elementor-element elementor-element-01eac49 e-con-full e-flex e-con e-child\" data-id=\"01eac49\" data-element_type=\"container\" data-e-type=\"container\">\n\t\t<div class=\"elementor-element elementor-element-434c09d e-con-full e-flex e-con e-child\" data-id=\"434c09d\" data-element_type=\"container\" data-e-type=\"container\">\n\t\t<div class=\"elementor-element elementor-element-eab6875 e-con-full e-flex e-con e-child\" data-id=\"eab6875\" data-element_type=\"container\" data-e-type=\"container\">\n\t\t\t\t<div class=\"elementor-element elementor-element-a5986b8 elementor-widget elementor-widget-aux_modern_heading\" data-id=\"a5986b8\" data-element_type=\"widget\" data-e-type=\"widget\" data-widget_type=\"aux_modern_heading.default\">\n\t\t\t\t<div class=\"elementor-widget-container\">\n\t\t\t\t\t<section class=\"aux-widget-modern-heading\">\n            <div class=\"aux-widget-inner\"><h2 class=\"aux-modern-heading-primary\">Bize Ula\u015f\u0131n<\/h2><h3 class=\"aux-modern-heading-secondary\"><span class=\"aux-head-before\">T\u00fcm Soru G\u00f6r\u00fc\u015f ve \u00d6nerileriniz \u0130\u00e7in Bize Ula\u015fmaktan \u00c7ekinmeyin<\/span><\/h3><div class=\"aux-modern-heading-divider\"><\/div><div class=\"aux-modern-heading-description\"><p>M\u00fc\u015fteri Temsilcilerimiz Sorular\u0131n\u0131z\u0131 En K\u0131sa S\u00fcre \u0130\u00e7erisinde Cevaplayacakt\u0131r.<\/p><\/div><\/div>\n        <\/section>\t\t\t\t<\/div>\n\t\t\t\t<\/div>\n\t\t\t\t<\/div>\n\t\t<div class=\"elementor-element elementor-element-f58eabf e-con-full e-flex e-con e-child\" data-id=\"f58eabf\" data-element_type=\"container\" data-e-type=\"container\">\n\t\t\t\t<div class=\"aux-scroll-anim elementor-element elementor-element-400940a elementor-widget__width-auto elementor-widget-mobile__width-inherit aux-appear-watch-animation aux-scale-down-1 elementor-widget elementor-widget-image\" data-move-in=\"\" data-move-out=\"scale\" data-axis-x=\"200\" data-axis-y=\"200\" data-rotate=\"90\" data-scale=\"1.2\" data-vp-top=\"0.5\" data-vp-bot=\"0.5\" data-el-top=\"0.2\" data-scroll-animation-off=\"1024\" data-id=\"400940a\" data-element_type=\"widget\" data-e-type=\"widget\" data-widget_type=\"image.default\">\n\t\t\t\t<div class=\"elementor-widget-container\">\n\t\t\t\t\t\t\t\t\t\t\t\t\t\t\t<img fetchpriority=\"high\" decoding=\"async\" width=\"225\" height=\"225\" src=\"https:\/\/www.astarsizetiket.com\/wp-content\/uploads\/2025\/07\/images-1.png\" class=\"attachment-full size-full wp-image-203\" alt=\"\" srcset=\"https:\/\/www.astarsizetiket.com\/wp-content\/uploads\/2025\/07\/images-1.png 225w, https:\/\/www.astarsizetiket.com\/wp-content\/uploads\/2025\/07\/images-1-150x150.png 150w, https:\/\/www.astarsizetiket.com\/wp-content\/uploads\/2025\/07\/images-1-200x200.png 200w\" sizes=\"(max-width: 225px) 100vw, 225px\" \/>\t\t\t\t\t\t\t\t\t\t\t\t\t\t\t<\/div>\n\t\t\t\t<\/div>\n\t\t\t\t<div class=\"aux-scroll-anim elementor-element elementor-element-9d5a305 elementor-widget__width-auto aux-appear-watch-animation aux-scale-up-1 elementor-widget elementor-widget-image\" data-move-in=\"\" data-move-out=\"scale\" data-axis-x=\"200\" data-axis-y=\"200\" data-rotate=\"90\" data-scale=\"0.9\" data-vp-top=\"0.5\" data-vp-bot=\"0.5\" data-el-top=\"0.2\" data-scroll-animation-off=\"1024\" data-id=\"9d5a305\" data-element_type=\"widget\" data-e-type=\"widget\" data-widget_type=\"image.default\">\n\t\t\t\t<div class=\"elementor-widget-container\">\n\t\t\t\t\t\t\t\t\t\t\t\t\t\t\t<img decoding=\"async\" width=\"256\" height=\"256\" src=\"https:\/\/www.astarsizetiket.com\/wp-content\/uploads\/2025\/07\/18275702.png\" class=\"attachment-full size-full wp-image-202\" alt=\"\" srcset=\"https:\/\/www.astarsizetiket.com\/wp-content\/uploads\/2025\/07\/18275702.png 256w, https:\/\/www.astarsizetiket.com\/wp-content\/uploads\/2025\/07\/18275702-150x150.png 150w, https:\/\/www.astarsizetiket.com\/wp-content\/uploads\/2025\/07\/18275702-200x200.png 200w\" sizes=\"(max-width: 256px) 100vw, 256px\" \/>\t\t\t\t\t\t\t\t\t\t\t\t\t\t\t<\/div>\n\t\t\t\t<\/div>\n\t\t\t\t<div class=\"aux-scroll-anim elementor-element elementor-element-1a03d18 elementor-widget__width-auto aux-appear-watch-animation aux-fade-in-right-1 elementor-widget elementor-widget-image\" data-move-in=\"\" data-move-out=\"moveHorizontal\" data-axis-x=\"20\" data-axis-y=\"200\" data-rotate=\"90\" data-scale=\"1\" data-vp-top=\"0.5\" data-vp-bot=\"0.5\" data-el-top=\"0.2\" data-scroll-animation-off=\"1024\" data-id=\"1a03d18\" data-element_type=\"widget\" data-e-type=\"widget\" data-widget_type=\"image.default\">\n\t\t\t\t<div class=\"elementor-widget-container\">\n\t\t\t\t\t\t\t\t\t\t\t\t\t\t\t<img decoding=\"async\" width=\"1024\" height=\"1024\" src=\"https:\/\/www.astarsizetiket.com\/wp-content\/uploads\/2025\/07\/astarsiz-etiket-iletisim.png\" class=\"attachment-full size-full wp-image-200\" alt=\"\" srcset=\"https:\/\/www.astarsizetiket.com\/wp-content\/uploads\/2025\/07\/astarsiz-etiket-iletisim.png 1024w, https:\/\/www.astarsizetiket.com\/wp-content\/uploads\/2025\/07\/astarsiz-etiket-iletisim-300x300.png 300w, https:\/\/www.astarsizetiket.com\/wp-content\/uploads\/2025\/07\/astarsiz-etiket-iletisim-150x150.png 150w, https:\/\/www.astarsizetiket.com\/wp-content\/uploads\/2025\/07\/astarsiz-etiket-iletisim-768x768.png 768w, https:\/\/www.astarsizetiket.com\/wp-content\/uploads\/2025\/07\/astarsiz-etiket-iletisim-200x200.png 200w\" sizes=\"(max-width: 1024px) 100vw, 1024px\" \/>\t\t\t\t\t\t\t\t\t\t\t\t\t\t\t<\/div>\n\t\t\t\t<\/div>\n\t\t\t\t<div class=\"aux-scroll-anim elementor-element elementor-element-1e240b3 elementor-widget-mobile__width-auto elementor-widget__width-auto aux-appear-watch-animation aux-scale-down-1 elementor-widget elementor-widget-image\" data-move-in=\"\" data-move-out=\"scale\" data-axis-x=\"200\" data-axis-y=\"200\" data-rotate=\"90\" data-scale=\"0.8\" data-vp-top=\"0.5\" data-vp-bot=\"0.5\" data-el-top=\"0.2\" data-scroll-animation-off=\"1024\" data-id=\"1e240b3\" data-element_type=\"widget\" data-e-type=\"widget\" data-widget_type=\"image.default\">\n\t\t\t\t<div class=\"elementor-widget-container\">\n\t\t\t\t\t\t\t\t\t\t\t\t\t\t\t<img loading=\"lazy\" decoding=\"async\" width=\"88\" height=\"88\" src=\"https:\/\/www.astarsizetiket.com\/wp-content\/uploads\/2023\/01\/Group-146.svg\" class=\"attachment-full size-full wp-image-45\" alt=\"\" \/>\t\t\t\t\t\t\t\t\t\t\t\t\t\t\t<\/div>\n\t\t\t\t<\/div>\n\t\t\t\t<\/div>\n\t\t\t\t<\/div>\n\t\t<div class=\"elementor-element elementor-element-beeb957 e-con-full e-flex e-con e-child\" data-id=\"beeb957\" data-element_type=\"container\" data-e-type=\"container\">\n\t\t<div class=\"elementor-element elementor-element-5ac79bf e-con-full e-flex e-con e-child\" data-id=\"5ac79bf\" data-element_type=\"container\" data-e-type=\"container\">\n\t\t\t\t<div class=\"elementor-element elementor-element-2858b79 aux-appear-watch-animation aux-fade-in-up-1 elementor-widget elementor-widget-aux_contact_form\" data-id=\"2858b79\" data-element_type=\"widget\" data-e-type=\"widget\" data-widget_type=\"aux_contact_form.default\">\n\t\t\t\t<div class=\"elementor-widget-container\">\n\t\t\t\t\t<section class=\"widget-container aux-widget-contact-form aux-parent-au144b8371\">            <div class=\"aux-col-wrapper aux-no-gutter\">\n            <!-- @TODO - The output for element here -->\n\n            \n<div class=\"wpcf7 no-js\" id=\"wpcf7-f107-o1\" lang=\"en-US\" dir=\"ltr\" data-wpcf7-id=\"107\">\n<div class=\"screen-reader-response\"><p role=\"status\" aria-live=\"polite\" aria-atomic=\"true\"><\/p> <ul><\/ul><\/div>\n<form action=\"\/index.php\/wp-json\/wp\/v2\/pages\/116#wpcf7-f107-o1\" method=\"post\" class=\"wpcf7-form init\" aria-label=\"Contact form\" novalidate=\"novalidate\" data-status=\"init\">\n<fieldset class=\"hidden-fields-container\"><input type=\"hidden\" name=\"_wpcf7\" value=\"107\" \/><input type=\"hidden\" name=\"_wpcf7_version\" value=\"6.1.5\" \/><input type=\"hidden\" name=\"_wpcf7_locale\" value=\"en_US\" \/><input type=\"hidden\" name=\"_wpcf7_unit_tag\" value=\"wpcf7-f107-o1\" \/><input type=\"hidden\" name=\"_wpcf7_container_post\" value=\"0\" \/><input type=\"hidden\" name=\"_wpcf7_posted_data_hash\" value=\"\" \/>\n<\/fieldset>\n<div class=\"aux-row aux-de-col2\">\n\t<div class=\"aux-input-group aux-col\">\n\t\t<p><span class=\"wpcf7-form-control-wrap\" data-name=\"your-name\"><input size=\"40\" maxlength=\"400\" class=\"wpcf7-form-control wpcf7-text wpcf7-validates-as-required\" aria-required=\"true\" aria-invalid=\"false\" placeholder=\"Ad\u0131n\u0131z Soyad\u0131n\u0131z\" value=\"\" type=\"text\" name=\"your-name\" \/><\/span>\n\t\t<\/p>\n\t<\/div>\n\t<div class=\"aux-input-group aux-col\">\n\t\t<p><span class=\"wpcf7-form-control-wrap\" data-name=\"your-phone\"><input size=\"40\" maxlength=\"400\" class=\"wpcf7-form-control wpcf7-tel wpcf7-validates-as-required wpcf7-text wpcf7-validates-as-tel\" aria-required=\"true\" aria-invalid=\"false\" placeholder=\"Telefon Numaran\u0131z\" value=\"\" type=\"tel\" name=\"your-phone\" \/><\/span>\n\t\t<\/p>\n\t<\/div>\n<\/div>\n<div class=\"aux-row aux-de-col1 aux-tb-col1 aux-mb-col1\">\n\t<div class=\"aux-input-group aux-col\">\n\t\t<p><span class=\"wpcf7-form-control-wrap\" data-name=\"your-message\"><textarea cols=\"40\" rows=\"10\" maxlength=\"2000\" class=\"wpcf7-form-control wpcf7-textarea wpcf7-validates-as-required\" aria-required=\"true\" aria-invalid=\"false\" placeholder=\"Mesaj\u0131n\u0131z\" name=\"your-message\"><\/textarea><\/span>\n\t\t<\/p>\n\t<\/div>\n<\/div>\n<div class=\"aux-row aux-de-col1\">\n\t<div class=\"aux-input-group aux-col\">\n\t\t<p><input class=\"wpcf7-form-control wpcf7-submit has-spinner\" type=\"submit\" value=\"G\u00f6nder\" \/>\n\t\t<\/p>\n\t<\/div>\n<\/div><p style=\"display: none !important;\" class=\"akismet-fields-container\" data-prefix=\"_wpcf7_ak_\"><label>&#916;<textarea name=\"_wpcf7_ak_hp_textarea\" cols=\"45\" rows=\"8\" maxlength=\"100\"><\/textarea><\/label><input type=\"hidden\" id=\"ak_js_1\" name=\"_wpcf7_ak_js\" value=\"171\"\/><script>document.getElementById( \"ak_js_1\" ).setAttribute( \"value\", ( new Date() ).getTime() );<\/script><\/p><div class=\"wpcf7-response-output\" aria-hidden=\"true\"><\/div>\n<\/form>\n<\/div>\n\n\n            <\/div><!-- aux-col-wrapper -->\n    <\/section><!-- widget-container -->\t\t\t\t<\/div>\n\t\t\t\t<\/div>\n\t\t\t\t<\/div>\n\t\t<div class=\"elementor-element elementor-element-c273976 e-con-full e-flex e-con e-child\" data-id=\"c273976\" data-element_type=\"container\" data-e-type=\"container\">\n\t\t\t\t<div class=\"elementor-element elementor-element-5a4fd96 aux-appear-watch-animation aux-fade-in-right-1 elementor-widget elementor-widget-heading\" data-id=\"5a4fd96\" data-element_type=\"widget\" data-e-type=\"widget\" data-widget_type=\"heading.default\">\n\t\t\t\t<div class=\"elementor-widget-container\">\n\t\t\t\t\t<h2 class=\"elementor-heading-title elementor-size-default\">\u0130leti\u015fim<\/h2>\t\t\t\t<\/div>\n\t\t\t\t<\/div>\n\t\t\t\t<div class=\"elementor-element elementor-element-4095b5b aux-appear-watch-animation aux-fade-in-right-1 elementor-widget elementor-widget-heading\" data-id=\"4095b5b\" data-element_type=\"widget\" data-e-type=\"widget\" data-widget_type=\"heading.default\">\n\t\t\t\t<div class=\"elementor-widget-container\">\n\t\t\t\t\t<p class=\"elementor-heading-title elementor-size-default\">info@astarsizetiket.com <br>\n(0212) 630 56 43<\/p>\t\t\t\t<\/div>\n\t\t\t\t<\/div>\n\t\t\t\t<div class=\"elementor-element elementor-element-847e073 aux-appear-watch-animation aux-fade-in-right-1 elementor-widget elementor-widget-heading\" data-id=\"847e073\" data-element_type=\"widget\" data-e-type=\"widget\" data-widget_type=\"heading.default\">\n\t\t\t\t<div class=\"elementor-widget-container\">\n\t\t\t\t\t<h2 class=\"elementor-heading-title elementor-size-default\">Adres<\/h2>\t\t\t\t<\/div>\n\t\t\t\t<\/div>\n\t\t\t\t<div class=\"elementor-element elementor-element-524bf72 aux-appear-watch-animation aux-fade-in-right-1 elementor-widget elementor-widget-heading\" data-id=\"524bf72\" data-element_type=\"widget\" data-e-type=\"widget\" data-widget_type=\"heading.default\">\n\t\t\t\t<div class=\"elementor-widget-container\">\n\t\t\t\t\t<p class=\"elementor-heading-title elementor-size-default\">Kocasinan Merkez, Mahallesi, Ta\u00e7 Sk. No:7, 34192<\/br>\nBah\u00e7elievler\/\u0130stanbul<\/p>\t\t\t\t<\/div>\n\t\t\t\t<\/div>\n\t\t\t\t<div class=\"elementor-element elementor-element-5301e30 elementor-shape-circle e-grid-align-left elementor-grid-tablet-2 aux-appear-watch-animation aux-fade-in-right-1 elementor-grid-0 elementor-widget elementor-widget-social-icons\" data-id=\"5301e30\" data-element_type=\"widget\" data-e-type=\"widget\" data-widget_type=\"social-icons.default\">\n\t\t\t\t<div class=\"elementor-widget-container\">\n\t\t\t\t\t\t\t<div class=\"elementor-social-icons-wrapper elementor-grid\" role=\"list\">\n\t\t\t\t\t\t\t<span class=\"elementor-grid-item\" role=\"listitem\">\n\t\t\t\t\t<a class=\"elementor-icon elementor-social-icon elementor-social-icon-facebook elementor-repeater-item-4bc675b\" href=\"#\" target=\"_blank\">\n\t\t\t\t\t\t<span class=\"elementor-screen-only\">Facebook<\/span>\n\t\t\t\t\t\t<i aria-hidden=\"true\" class=\"fab fa-facebook\"><\/i>\t\t\t\t\t<\/a>\n\t\t\t\t<\/span>\n\t\t\t\t\t\t\t<span class=\"elementor-grid-item\" role=\"listitem\">\n\t\t\t\t\t<a class=\"elementor-icon elementor-social-icon elementor-social-icon-google-plus-square elementor-repeater-item-cc07975\" href=\"#\" target=\"_blank\">\n\t\t\t\t\t\t<span class=\"elementor-screen-only\">Google-plus-square<\/span>\n\t\t\t\t\t\t<i aria-hidden=\"true\" class=\"fab fa-google-plus-square\"><\/i>\t\t\t\t\t<\/a>\n\t\t\t\t<\/span>\n\t\t\t\t\t\t\t<span class=\"elementor-grid-item\" role=\"listitem\">\n\t\t\t\t\t<a class=\"elementor-icon elementor-social-icon elementor-social-icon-auxicon-instagram elementor-repeater-item-29879b8\" href=\"#\" target=\"_blank\">\n\t\t\t\t\t\t<span class=\"elementor-screen-only\">Auxicon-instagram<\/span>\n\t\t\t\t\t\t<i aria-hidden=\"true\" class=\"auxicon auxicon-instagram\"><\/i>\t\t\t\t\t<\/a>\n\t\t\t\t<\/span>\n\t\t\t\t\t\t\t<span class=\"elementor-grid-item\" role=\"listitem\">\n\t\t\t\t\t<a class=\"elementor-icon elementor-social-icon elementor-social-icon-twitter elementor-repeater-item-422222d\" href=\"#\" target=\"_blank\">\n\t\t\t\t\t\t<span class=\"elementor-screen-only\">Twitter<\/span>\n\t\t\t\t\t\t<i aria-hidden=\"true\" class=\"fab fa-twitter\"><\/i>\t\t\t\t\t<\/a>\n\t\t\t\t<\/span>\n\t\t\t\t\t<\/div>\n\t\t\t\t\t\t<\/div>\n\t\t\t\t<\/div>\n\t\t\t\t<\/div>\n\t\t\t\t<\/div>\n\t\t\t\t<\/div>\n\t\t\t\t\t<\/div>\n\t\t\t\t<\/div>\n\t\t\t\t<\/div>\n\t\t","protected":false},"excerpt":{"rendered":"<p>Bize Ula\u015f\u0131n T\u00fcm Soru G\u00f6r\u00fc\u015f ve \u00d6nerileriniz \u0130\u00e7in Bize Ula\u015fmaktan \u00c7ekinmeyin M\u00fc\u015fteri Temsilcilerimiz Sorular\u0131n\u0131z\u0131 En K\u0131sa S\u00fcre \u0130\u00e7erisinde Cevaplayacakt\u0131r. What service do you need? Web DesignApp DesignGraphic DesignDigital MarketingOther \u0130leti\u015fim info@astarsizetiket.com (0212) 630 56 43 Adres Kocasinan Merkez, Mahallesi, Ta\u00e7 Sk. No:7, 34192 Bah\u00e7elievler\/\u0130stanbul Facebook Google-plus-square Auxicon-instagram Twitter<\/p>\n","protected":false},"author":1,"featured_media":213,"parent":0,"menu_order":0,"comment_status":"closed","ping_status":"open","template":"templates\/page-builder-content.php","meta":{"footnotes":""},"class_list":["post-116","page","type-page","status-publish","has-post-thumbnail","hentry"],"yoast_head":"<!-- This site is optimized with the Yoast SEO Premium plugin v25.6 (Yoast SEO v27.4) - https:\/\/yoast.com\/product\/yoast-seo-premium-wordpress\/ -->\n<title>\u0130leti\u015fim - Astars\u0131z Etiket<\/title>\n<meta name=\"description\" content=\"En Uygun Fiyatl\u0131 Astars\u0131z Etiket Fiyat\u0131 Almak i\u00e7in Bizi Aray\u0131n Size Uygun Fiyatlar \u0130leti\u015fime Ge\u00e7in Sekt\u00f6r\u00fcn Lideriyle Tan\u0131\u015f\u0131n.\" \/>\n<meta name=\"robots\" content=\"index, follow, max-snippet:-1, max-image-preview:large, max-video-preview:-1\" \/>\n<link rel=\"canonical\" href=\"https:\/\/www.astarsizetiket.com\/index.php\/iletisim\/\" \/>\n<meta property=\"og:locale\" content=\"tr_TR\" \/>\n<meta property=\"og:type\" content=\"article\" \/>\n<meta property=\"og:title\" content=\"\u0130leti\u015fim\" \/>\n<meta property=\"og:description\" content=\"En Uygun Fiyatl\u0131 Astars\u0131z Etiket Fiyat\u0131 Almak i\u00e7in Bizi Aray\u0131n Size Uygun Fiyatlar \u0130leti\u015fime Ge\u00e7in Sekt\u00f6r\u00fcn Lideriyle Tan\u0131\u015f\u0131n.\" \/>\n<meta property=\"og:url\" content=\"https:\/\/www.astarsizetiket.com\/index.php\/iletisim\/\" \/>\n<meta property=\"og:site_name\" content=\"Astars\u0131z Etiket\" \/>\n<meta property=\"article:modified_time\" content=\"2025-08-05T00:22:44+00:00\" \/>\n<meta property=\"og:image\" content=\"https:\/\/www.astarsizetiket.com\/wp-content\/uploads\/2025\/07\/astarsiz-etiket-nerden-bulunur.png\" \/>\n\t<meta property=\"og:image:width\" content=\"1024\" \/>\n\t<meta property=\"og:image:height\" content=\"1024\" \/>\n\t<meta property=\"og:image:type\" content=\"image\/jpeg\" \/>\n<meta name=\"twitter:card\" content=\"summary_large_image\" \/>\n<meta name=\"twitter:label1\" content=\"Tahmini okuma s\u00fcresi\" \/>\n\t<meta name=\"twitter:data1\" content=\"2 dakika\" \/>\n<script type=\"application\/ld+json\" class=\"yoast-schema-graph\">{\"@context\":\"https:\\\/\\\/schema.org\",\"@graph\":[{\"@type\":\"WebPage\",\"@id\":\"https:\\\/\\\/www.astarsizetiket.com\\\/index.php\\\/iletisim\\\/\",\"url\":\"https:\\\/\\\/www.astarsizetiket.com\\\/index.php\\\/iletisim\\\/\",\"name\":\"\u0130leti\u015fim - Astars\u0131z Etiket\",\"isPartOf\":{\"@id\":\"https:\\\/\\\/www.astarsizetiket.com\\\/#website\"},\"primaryImageOfPage\":{\"@id\":\"https:\\\/\\\/www.astarsizetiket.com\\\/index.php\\\/iletisim\\\/#primaryimage\"},\"image\":{\"@id\":\"https:\\\/\\\/www.astarsizetiket.com\\\/index.php\\\/iletisim\\\/#primaryimage\"},\"thumbnailUrl\":\"https:\\\/\\\/www.astarsizetiket.com\\\/wp-content\\\/uploads\\\/2025\\\/07\\\/astarsiz-etiket-nerden-bulunur.png\",\"datePublished\":\"2023-01-07T09:09:53+00:00\",\"dateModified\":\"2025-08-05T00:22:44+00:00\",\"description\":\"En Uygun Fiyatl\u0131 Astars\u0131z Etiket Fiyat\u0131 Almak i\u00e7in Bizi Aray\u0131n Size Uygun Fiyatlar \u0130leti\u015fime Ge\u00e7in Sekt\u00f6r\u00fcn Lideriyle Tan\u0131\u015f\u0131n.\",\"breadcrumb\":{\"@id\":\"https:\\\/\\\/www.astarsizetiket.com\\\/index.php\\\/iletisim\\\/#breadcrumb\"},\"inLanguage\":\"tr\",\"potentialAction\":[{\"@type\":\"ReadAction\",\"target\":[\"https:\\\/\\\/www.astarsizetiket.com\\\/index.php\\\/iletisim\\\/\"]}]},{\"@type\":\"ImageObject\",\"inLanguage\":\"tr\",\"@id\":\"https:\\\/\\\/www.astarsizetiket.com\\\/index.php\\\/iletisim\\\/#primaryimage\",\"url\":\"https:\\\/\\\/www.astarsizetiket.com\\\/wp-content\\\/uploads\\\/2025\\\/07\\\/astarsiz-etiket-nerden-bulunur.png\",\"contentUrl\":\"https:\\\/\\\/www.astarsizetiket.com\\\/wp-content\\\/uploads\\\/2025\\\/07\\\/astarsiz-etiket-nerden-bulunur.png\",\"width\":1024,\"height\":1024},{\"@type\":\"BreadcrumbList\",\"@id\":\"https:\\\/\\\/www.astarsizetiket.com\\\/index.php\\\/iletisim\\\/#breadcrumb\",\"itemListElement\":[{\"@type\":\"ListItem\",\"position\":1,\"name\":\"Anasayfa\",\"item\":\"https:\\\/\\\/www.astarsizetiket.com\\\/\"},{\"@type\":\"ListItem\",\"position\":2,\"name\":\"\u0130leti\u015fim\"}]},{\"@type\":\"WebSite\",\"@id\":\"https:\\\/\\\/www.astarsizetiket.com\\\/#website\",\"url\":\"https:\\\/\\\/www.astarsizetiket.com\\\/\",\"name\":\"Astars\u0131z Etiket\",\"description\":\"Toptan Astars\u0131z Etiket\",\"publisher\":{\"@id\":\"https:\\\/\\\/www.astarsizetiket.com\\\/#organization\"},\"alternateName\":\"Toptan Astars\u0131z Etiket\",\"potentialAction\":[{\"@type\":\"SearchAction\",\"target\":{\"@type\":\"EntryPoint\",\"urlTemplate\":\"https:\\\/\\\/www.astarsizetiket.com\\\/?s={search_term_string}\"},\"query-input\":{\"@type\":\"PropertyValueSpecification\",\"valueRequired\":true,\"valueName\":\"search_term_string\"}}],\"inLanguage\":\"tr\"},{\"@type\":\"Organization\",\"@id\":\"https:\\\/\\\/www.astarsizetiket.com\\\/#organization\",\"name\":\"Astars\u0131z Etiket\",\"alternateName\":\"Derya Eagle\",\"url\":\"https:\\\/\\\/www.astarsizetiket.com\\\/\",\"logo\":{\"@type\":\"ImageObject\",\"inLanguage\":\"tr\",\"@id\":\"https:\\\/\\\/www.astarsizetiket.com\\\/#\\\/schema\\\/logo\\\/image\\\/\",\"url\":\"https:\\\/\\\/www.astarsizetiket.com\\\/wp-content\\\/uploads\\\/2025\\\/07\\\/132435.png\",\"contentUrl\":\"https:\\\/\\\/www.astarsizetiket.com\\\/wp-content\\\/uploads\\\/2025\\\/07\\\/132435.png\",\"width\":1654,\"height\":630,\"caption\":\"Astars\u0131z Etiket\"},\"image\":{\"@id\":\"https:\\\/\\\/www.astarsizetiket.com\\\/#\\\/schema\\\/logo\\\/image\\\/\"}}]}<\/script>\n<!-- \/ Yoast SEO Premium plugin. -->","yoast_head_json":{"title":"\u0130leti\u015fim - Astars\u0131z Etiket","description":"En Uygun Fiyatl\u0131 Astars\u0131z Etiket Fiyat\u0131 Almak i\u00e7in Bizi Aray\u0131n Size Uygun Fiyatlar \u0130leti\u015fime Ge\u00e7in Sekt\u00f6r\u00fcn Lideriyle Tan\u0131\u015f\u0131n.","robots":{"index":"index","follow":"follow","max-snippet":"max-snippet:-1","max-image-preview":"max-image-preview:large","max-video-preview":"max-video-preview:-1"},"canonical":"https:\/\/www.astarsizetiket.com\/index.php\/iletisim\/","og_locale":"tr_TR","og_type":"article","og_title":"\u0130leti\u015fim","og_description":"En Uygun Fiyatl\u0131 Astars\u0131z Etiket Fiyat\u0131 Almak i\u00e7in Bizi Aray\u0131n Size Uygun Fiyatlar \u0130leti\u015fime Ge\u00e7in Sekt\u00f6r\u00fcn Lideriyle Tan\u0131\u015f\u0131n.","og_url":"https:\/\/www.astarsizetiket.com\/index.php\/iletisim\/","og_site_name":"Astars\u0131z Etiket","article_modified_time":"2025-08-05T00:22:44+00:00","og_image":[{"width":1024,"height":1024,"url":"https:\/\/www.astarsizetiket.com\/wp-content\/uploads\/2025\/07\/astarsiz-etiket-nerden-bulunur.png","type":"image\/jpeg"}],"twitter_card":"summary_large_image","twitter_misc":{"Tahmini okuma s\u00fcresi":"2 dakika"},"schema":{"@context":"https:\/\/schema.org","@graph":[{"@type":"WebPage","@id":"https:\/\/www.astarsizetiket.com\/index.php\/iletisim\/","url":"https:\/\/www.astarsizetiket.com\/index.php\/iletisim\/","name":"\u0130leti\u015fim - Astars\u0131z Etiket","isPartOf":{"@id":"https:\/\/www.astarsizetiket.com\/#website"},"primaryImageOfPage":{"@id":"https:\/\/www.astarsizetiket.com\/index.php\/iletisim\/#primaryimage"},"image":{"@id":"https:\/\/www.astarsizetiket.com\/index.php\/iletisim\/#primaryimage"},"thumbnailUrl":"https:\/\/www.astarsizetiket.com\/wp-content\/uploads\/2025\/07\/astarsiz-etiket-nerden-bulunur.png","datePublished":"2023-01-07T09:09:53+00:00","dateModified":"2025-08-05T00:22:44+00:00","description":"En Uygun Fiyatl\u0131 Astars\u0131z Etiket Fiyat\u0131 Almak i\u00e7in Bizi Aray\u0131n Size Uygun Fiyatlar \u0130leti\u015fime Ge\u00e7in Sekt\u00f6r\u00fcn Lideriyle Tan\u0131\u015f\u0131n.","breadcrumb":{"@id":"https:\/\/www.astarsizetiket.com\/index.php\/iletisim\/#breadcrumb"},"inLanguage":"tr","potentialAction":[{"@type":"ReadAction","target":["https:\/\/www.astarsizetiket.com\/index.php\/iletisim\/"]}]},{"@type":"ImageObject","inLanguage":"tr","@id":"https:\/\/www.astarsizetiket.com\/index.php\/iletisim\/#primaryimage","url":"https:\/\/www.astarsizetiket.com\/wp-content\/uploads\/2025\/07\/astarsiz-etiket-nerden-bulunur.png","contentUrl":"https:\/\/www.astarsizetiket.com\/wp-content\/uploads\/2025\/07\/astarsiz-etiket-nerden-bulunur.png","width":1024,"height":1024},{"@type":"BreadcrumbList","@id":"https:\/\/www.astarsizetiket.com\/index.php\/iletisim\/#breadcrumb","itemListElement":[{"@type":"ListItem","position":1,"name":"Anasayfa","item":"https:\/\/www.astarsizetiket.com\/"},{"@type":"ListItem","position":2,"name":"\u0130leti\u015fim"}]},{"@type":"WebSite","@id":"https:\/\/www.astarsizetiket.com\/#website","url":"https:\/\/www.astarsizetiket.com\/","name":"Astars\u0131z Etiket","description":"Toptan Astars\u0131z Etiket","publisher":{"@id":"https:\/\/www.astarsizetiket.com\/#organization"},"alternateName":"Toptan Astars\u0131z Etiket","potentialAction":[{"@type":"SearchAction","target":{"@type":"EntryPoint","urlTemplate":"https:\/\/www.astarsizetiket.com\/?s={search_term_string}"},"query-input":{"@type":"PropertyValueSpecification","valueRequired":true,"valueName":"search_term_string"}}],"inLanguage":"tr"},{"@type":"Organization","@id":"https:\/\/www.astarsizetiket.com\/#organization","name":"Astars\u0131z Etiket","alternateName":"Derya Eagle","url":"https:\/\/www.astarsizetiket.com\/","logo":{"@type":"ImageObject","inLanguage":"tr","@id":"https:\/\/www.astarsizetiket.com\/#\/schema\/logo\/image\/","url":"https:\/\/www.astarsizetiket.com\/wp-content\/uploads\/2025\/07\/132435.png","contentUrl":"https:\/\/www.astarsizetiket.com\/wp-content\/uploads\/2025\/07\/132435.png","width":1654,"height":630,"caption":"Astars\u0131z Etiket"},"image":{"@id":"https:\/\/www.astarsizetiket.com\/#\/schema\/logo\/image\/"}}]}},"_links":{"self":[{"href":"https:\/\/www.astarsizetiket.com\/index.php\/wp-json\/wp\/v2\/pages\/116","targetHints":{"allow":["GET"]}}],"collection":[{"href":"https:\/\/www.astarsizetiket.com\/index.php\/wp-json\/wp\/v2\/pages"}],"about":[{"href":"https:\/\/www.astarsizetiket.com\/index.php\/wp-json\/wp\/v2\/types\/page"}],"author":[{"embeddable":true,"href":"https:\/\/www.astarsizetiket.com\/index.php\/wp-json\/wp\/v2\/users\/1"}],"replies":[{"embeddable":true,"href":"https:\/\/www.astarsizetiket.com\/index.php\/wp-json\/wp\/v2\/comments?post=116"}],"version-history":[{"count":8,"href":"https:\/\/www.astarsizetiket.com\/index.php\/wp-json\/wp\/v2\/pages\/116\/revisions"}],"predecessor-version":[{"id":327,"href":"https:\/\/www.astarsizetiket.com\/index.php\/wp-json\/wp\/v2\/pages\/116\/revisions\/327"}],"wp:featuredmedia":[{"embeddable":true,"href":"https:\/\/www.astarsizetiket.com\/index.php\/wp-json\/wp\/v2\/media\/213"}],"wp:attachment":[{"href":"https:\/\/www.astarsizetiket.com\/index.php\/wp-json\/wp\/v2\/media?parent=116"}],"curies":[{"name":"wp","href":"https:\/\/api.w.org\/{rel}","templated":true}]}}